{"id":5558,"date":"2020-05-01T13:13:13","date_gmt":"2020-05-01T11:13:13","guid":{"rendered":"https:\/\/origin.irinafot.com\/?page_id=5558"},"modified":"2025-01-20T22:44:02","modified_gmt":"2025-01-20T21:44:02","slug":"eventkoordination","status":"publish","type":"page","link":"https:\/\/www.irinafot.com\/ru\/eventkoordination\/","title":{"rendered":"\u041a\u043e\u043e\u0440\u0434\u0438\u043d\u0430\u0446\u0438\u044f<\/br> \u043c\u0435\u0440\u043e\u043f\u0440\u0438\u044f\u0442\u0438\u0439"},"content":{"rendered":"<div class=\"eltdf-row-grid-section-wrapper\"  ><div class=\"eltdf-row-grid-section\"><div class=\"vc_row wpb_row vc_row-fluid\" ><div class=\"wpb_column vc_column_container vc_col-sm-12\"><div class=\"vc_column-inner\"><div class=\"wpb_wrapper\"><div class=\"eltdf-section-title-holder  eltdf-st-standard eltdf-st-aligncenter\" style=\"text-align: center\">\n\t<div class=\"eltdf-st-inner\">\n\t\t\t\t\t<h2 class=\"eltdf-st-title\" >\n\t\t\t\t\u041a\u043e\u043e\u0440\u0434\u0438\u043d\u0430\u0442\u043e\u0440 \u0442\u043e\u0440\u0436\u0435\u0441\u0442\u0432\u0430- \u043d\u0430\u0434\u0451\u0436\u043d\u044b\u0439 \u0442\u044b\u043b \u0434\u043b\u044f \u043a\u0430\u0436\u0434\u043e\u0433\u043e \u043a\u043b\u0438\u0435\u043d\u0442\u0430.\t\t\t<\/h2>\n\t\t        \t\t\t<\/div>\n<\/div><div class=\"vc_empty_space\"   style=\"height: 32px\"><span class=\"vc_empty_space_inner\"><\/span><\/div>\n\t<div class=\"wpb_text_column wpb_content_element\" >\n\t\t<div class=\"wpb_wrapper\">\n\t\t\t<p>\u0412\u0441\u0435 \u0442\u0435\u043d\u0435\u0432\u044b\u0435 (\u0437\u0430\u043a\u0443\u043b\u0438\u0441\u043d\u044b\u0435) \u043c\u043e\u043c\u0435\u043d\u0442\u044b \u0432\u0430\u0448\u0435\u0433\u043e \u0441\u043e\u0431\u044b\u0442\u0438\u044f \u043b\u044f\u0433\u0443\u0442 \u043d\u0430 \u043c\u043e\u0438 \u043f\u043b\u0435\u0447\u0438, \u0432\u0430\u043c \u043e\u0441\u0442\u0430\u043d\u0435\u0442\u0441\u044f \u0440\u0430\u0441\u0441\u043b\u0430\u0431\u0438\u0442\u044c\u0441\u044f \u0438 \u043d\u0435 \u0434\u0443\u043c\u0430\u0442\u044c \u043d\u0438 \u043e \u0447\u0451\u043c.<\/p>\n<p class=\"p1\"><span class=\"s1\">\u0412\u0430\u0448\u0438\u043c \u0433\u043e\u0441\u0442\u044f\u043c \u0434\u0430\u0436\u0435 \u0432 \u0433\u043e\u043b\u043e\u0432\u0443 \u043d\u0435 \u043f\u0440\u0438\u0434\u0451\u0442 \u0441\u043f\u0440\u043e\u0441\u0438\u0442\u044c \u0432\u0430\u0441 \u043e \u043a\u0430\u043a\u0438\u0445-\u0442\u043e \u043e\u0440\u0433\u0430\u043d\u0438\u0437\u0430\u0446\u0438\u043e\u043d\u043d\u044b\u0445 \u043c\u043e\u043c\u0435\u043d\u0442\u0430\u0445 \u0432 \u0434\u0435\u043d\u044c \u0442\u043e\u0440\u0436\u0435\u0441\u0442\u0432\u0430, \u0435\u0441\u043b\u0438 \u043d\u0430 \u043f\u043b\u043e\u0449\u0430\u0434\u043a\u0435 \u0440\u0430\u0431\u043e\u0442\u0430\u0435\u0442 \u043a\u043e\u043e\u0440\u0434\u0438\u043d\u0430\u0442\u043e\u0440. <\/span><\/p>\n\n\t\t<\/div>\n\t<\/div>\n<div class=\"vc_empty_space\"   style=\"height: 64px\"><span class=\"vc_empty_space_inner\"><\/span><\/div><\/div><\/div><\/div><\/div><\/div><\/div><div class=\"eltdf-row-grid-section-wrapper\"  ><div class=\"eltdf-row-grid-section\"><div class=\"vc_row wpb_row vc_row-fluid vc_row-o-content-top vc_row-flex\" ><div class=\"wpb_column vc_column_container vc_col-sm-12\"><div class=\"vc_column-inner\"><div class=\"wpb_wrapper\"><div class=\"eltdf-section-title-holder  eltdf-st-standard\" >\n\t<div class=\"eltdf-st-inner\">\n\t\t\t\t\t<h2 class=\"eltdf-st-title\" >\n\t\t\t\t\u0412 \u0447\u0451\u043c \u0436\u0435 \u0435\u0433\u043e \u0437\u0430\u0434\u0430\u0447\u0438?\t\t\t<\/h2>\n\t\t        \t\t\t<\/div>\n<\/div><div class=\"vc_empty_space\"   style=\"height: 32px\"><span class=\"vc_empty_space_inner\"><\/span><\/div><\/div><\/div><\/div><\/div><\/div><\/div><div class=\"eltdf-row-grid-section-wrapper eltdf-content-aligment-left\"  ><div class=\"eltdf-row-grid-section\"><div class=\"vc_row wpb_row vc_row-fluid vc_row-o-content-top vc_row-flex\" ><div class=\"wpb_column vc_column_container vc_col-sm-12\"><div class=\"vc_column-inner\"><div class=\"wpb_wrapper\">\n<div class=\"eltdf-iwt clearfix  eltdf-iwt-icon-left eltdf-circle eltdf-iwt-icon-small\">\n\t<div class=\"eltdf-iwt-icon\">\n\t\t\t\t\t\t\t\t\t    <span class=\"eltdf-icon-shortcode eltdf-circle   eltdf-icon-small\" style=\"background-color: #979797\" >\n                    <i class=\"eltdf-icon-dripicons dripicon dripicons-user-group eltdf-icon-element\" style=\"\" ><\/i>            <\/span>\n\t\t\t\t\t\t<\/div>\n\t<div class=\"eltdf-iwt-content\" >\n\t\t\t\t\t<h4 class=\"eltdf-iwt-title\" >\n\t\t\t\t\t\t\t\t<span class=\"eltdf-iwt-title-text\">\u0417\u0430\u0431\u043e\u0442\u0430 \u043e \u0433\u043e\u0441\u0442\u044f\u0445<\/span>\n\t\t\t\t\t\t\t<\/h4>\n\t\t\t\t\t\t\t<p class=\"eltdf-iwt-text\" >\u043f\u0440\u043e\u043b\u0438\u0442\u044b\u0439 \u0441\u043e\u0443\u0441 \u043d\u0430 \u043f\u0438\u0434\u0436\u0430\u043a, \u043c\u043e\u0437\u043e\u043b\u044c \u043d\u0430 \u043f\u044f\u0442\u043a\u0435, \u043f\u043b\u0430\u0447\u0435\u0442 \u0440\u0435\u0431\u0451\u043d\u043e\u043a, \u0432\u044b\u0437\u043e\u0432 \u0442\u0430\u043a\u0441\u0438, \u0431\u0430\u0431\u0443\u0448\u043a\u0430 \u0443\u0441\u0442\u0430\u043b\u0430<\/p>\n\t\t\t<\/div>\n<\/div><div class=\"vc_empty_space\"   style=\"height: 32px\"><span class=\"vc_empty_space_inner\"><\/span><\/div>\n<div class=\"eltdf-iwt clearfix  eltdf-iwt-icon-left eltdf-circle eltdf-iwt-icon-small\">\n\t<div class=\"eltdf-iwt-icon\">\n\t\t\t\t\t\t\t\t\t    <span class=\"eltdf-icon-shortcode eltdf-circle   eltdf-icon-small\" style=\"background-color: #979797\" >\n                    <i class=\"eltdf-icon-dripicons dripicon dripicons-question eltdf-icon-element\" style=\"\" ><\/i>            <\/span>\n\t\t\t\t\t\t<\/div>\n\t<div class=\"eltdf-iwt-content\" >\n\t\t\t\t\t<h4 class=\"eltdf-iwt-title\" >\n\t\t\t\t\t\t\t\t<span class=\"eltdf-iwt-title-text\">\u041e\u0442\u0432\u0435\u0442\u0438\u0442 \u043d\u0430 \u0432\u0441\u0435 \u0432\u043e\u043f\u0440\u043e\u0441\u044b<\/span>\n\t\t\t\t\t\t\t<\/h4>\n\t\t\t\t\t\t\t<p class=\"eltdf-iwt-text\" >\u0430 \u0447\u0442\u043e \u0443 \u043d\u0430\u0441 \u0434\u0430\u043b\u044c\u0448\u0435 \u043f\u043e \u043f\u0440\u043e\u0433\u0440\u0430\u043c\u043c\u0435? \u0410 \u0433\u0434\u0435 \u0442\u0443\u0430\u043b\u0435\u0442? \u041a\u043e\u0433\u0434\u0430 \u0442\u043e\u0440\u0442? \u0410 \u043c\u043e\u0436\u043d\u043e \u0441\u0434\u0435\u043b\u0430\u0442\u044c \u043f\u043e\u0442\u0438\u0448\u0435? \u041a\u0430\u043a \u0437\u043e\u0432\u0443\u0442 \u0432\u0435\u0434\u0443\u0449\u0435\u0433\u043e, \u043d\u0435\u0432\u0435\u0441\u0442\u0443, \u043f\u043e\u0432\u0430\u0440\u0430 \u0438 \u0442.\u0434.<\/p>\n\t\t\t<\/div>\n<\/div><div class=\"vc_empty_space\"   style=\"height: 32px\"><span class=\"vc_empty_space_inner\"><\/span><\/div>\n<div class=\"eltdf-iwt clearfix  eltdf-iwt-icon-left eltdf-circle eltdf-iwt-icon-small\">\n\t<div class=\"eltdf-iwt-icon\">\n\t\t\t\t\t\t\t\t\t    <span class=\"eltdf-icon-shortcode eltdf-circle   eltdf-icon-small\" style=\"background-color: #979797\" >\n                    <i class=\"eltdf-icon-dripicons dripicon dripicons-shopping-bag eltdf-icon-element\" style=\"\" ><\/i>            <\/span>\n\t\t\t\t\t\t<\/div>\n\t<div class=\"eltdf-iwt-content\" >\n\t\t\t\t\t<h4 class=\"eltdf-iwt-title\" >\n\t\t\t\t\t\t\t\t<span class=\"eltdf-iwt-title-text\">\u041e\u0441\u0443\u0449\u0435\u0441\u0442\u0432\u0438\u0442 \u043b\u043e\u0433\u0438\u0441\u0442\u0438\u043a\u0443<\/span>\n\t\t\t\t\t\t\t<\/h4>\n\t\t\t\t\t<\/div>\n<\/div><div class=\"vc_empty_space\"   style=\"height: 32px\"><span class=\"vc_empty_space_inner\"><\/span><\/div>\n<div class=\"eltdf-iwt clearfix  eltdf-iwt-icon-left eltdf-circle eltdf-iwt-icon-small\">\n\t<div class=\"eltdf-iwt-icon\">\n\t\t\t\t\t\t\t\t\t    <span class=\"eltdf-icon-shortcode eltdf-circle   eltdf-icon-small\" style=\"background-color: #979797\" >\n                    <i class=\"eltdf-icon-font-awesome fa fa-calculator eltdf-icon-element\" style=\"\" ><\/i>            <\/span>\n\t\t\t\t\t\t<\/div>\n\t<div class=\"eltdf-iwt-content\" >\n\t\t\t\t\t<h4 class=\"eltdf-iwt-title\" >\n\t\t\t\t\t\t\t\t<span class=\"eltdf-iwt-title-text\">\u0420\u0430\u0441\u0441\u0447\u0438\u0442\u0430\u0435\u0442\u0441\u044f \u0441 \u043f\u043e\u0434\u0440\u044f\u0434\u0447\u0438\u043a\u0430\u043c\u0438<\/span>\n\t\t\t\t\t\t\t<\/h4>\n\t\t\t\t\t<\/div>\n<\/div><div class=\"vc_empty_space\"   style=\"height: 32px\"><span class=\"vc_empty_space_inner\"><\/span><\/div>\n<div class=\"eltdf-iwt clearfix  eltdf-iwt-icon-left eltdf-circle eltdf-iwt-icon-small\">\n\t<div class=\"eltdf-iwt-icon\">\n\t\t\t\t\t\t\t\t\t    <span class=\"eltdf-icon-shortcode eltdf-circle   eltdf-icon-small\" style=\"background-color: #979797\" >\n                    <i class=\"eltdf-icon-dripicons dripicon dripicons-time-reverse eltdf-icon-element\" style=\"\" ><\/i>            <\/span>\n\t\t\t\t\t\t<\/div>\n\t<div class=\"eltdf-iwt-content\" >\n\t\t\t\t\t<h4 class=\"eltdf-iwt-title\" >\n\t\t\t\t\t\t\t\t<span class=\"eltdf-iwt-title-text\">\u0412\u0441\u0442\u0440\u0435\u0442\u0438\u0442 \u0438 \u043e\u043a\u0443\u0442\u0430\u0435\u0442 \u0437\u0430\u0431\u043e\u0442\u043e\u0439 \u0434\u0430\u0436\u0435 \u043e\u043f\u043e\u0437\u0434\u0430\u0432\u0448\u0438\u0445 \u0433\u043e\u0441\u0442\u0435\u0439<\/span>\n\t\t\t\t\t\t\t<\/h4>\n\t\t\t\t\t<\/div>\n<\/div><div class=\"vc_empty_space\"   style=\"height: 32px\"><span class=\"vc_empty_space_inner\"><\/span><\/div>\n<div class=\"eltdf-iwt clearfix  eltdf-iwt-icon-left eltdf-circle eltdf-iwt-icon-small\">\n\t<div class=\"eltdf-iwt-icon\">\n\t\t\t\t\t\t\t\t\t    <span class=\"eltdf-icon-shortcode eltdf-circle   eltdf-icon-small\" style=\"background-color: #979797\" >\n                    <i class=\"eltdf-icon-font-awesome fa fa-taxi eltdf-icon-element\" style=\"\" ><\/i>            <\/span>\n\t\t\t\t\t\t<\/div>\n\t<div class=\"eltdf-iwt-content\" >\n\t\t\t\t\t<h4 class=\"eltdf-iwt-title\" >\n\t\t\t\t\t\t\t\t<span class=\"eltdf-iwt-title-text\">\u041f\u043e\u0437\u0430\u0431\u043e\u0442\u0438\u0442\u0441\u044f \u043e\u0431 \u0430\u0440\u0442\u0438\u0441\u0442\u0430\u0445<\/span>\n\t\t\t\t\t\t\t<\/h4>\n\t\t\t\t\t\t\t<p class=\"eltdf-iwt-text\" >\u0421\u043a\u043e\u043e\u0440\u0434\u0438\u043d\u0438\u0440\u0443\u0435\u0442 \u0438 \u043e\u0440\u0433\u0430\u043d\u0438\u0437\u0443\u0435\u0442 \u0442\u0440\u0430\u043d\u0441\u0444\u0435\u0440 \u0432\u0441\u0435\u0445 \u0430\u0440\u0442\u0438\u0441\u0442\u043e\u0432 \u0438 \u043f\u043e\u0434\u0440\u044f\u0434\u0447\u0438\u043a\u043e\u0432<\/p>\n\t\t\t<\/div>\n<\/div><div class=\"vc_empty_space\"   style=\"height: 32px\"><span class=\"vc_empty_space_inner\"><\/span><\/div>\n<div class=\"eltdf-iwt clearfix  eltdf-iwt-icon-left eltdf-circle eltdf-iwt-icon-small\">\n\t<div class=\"eltdf-iwt-icon\">\n\t\t\t\t\t\t\t\t\t    <span class=\"eltdf-icon-shortcode eltdf-circle   eltdf-icon-small\" style=\"background-color: #979797\" >\n                    <i class=\"eltdf-icon-dripicons dripicon dripicons-stopwatch eltdf-icon-element\" style=\"\" ><\/i>            <\/span>\n\t\t\t\t\t\t<\/div>\n\t<div class=\"eltdf-iwt-content\" >\n\t\t\t\t\t<h4 class=\"eltdf-iwt-title\" >\n\t\t\t\t\t\t\t\t<span class=\"eltdf-iwt-title-text\">\u0411\u0443\u0434\u0435\u0442 \u0441\u043b\u0435\u0434\u0438\u0442\u044c \u0437\u0430 \u0441\u043e\u0431\u043b\u044e\u0434\u0435\u043d\u0438\u0435\u043c \u0442\u0430\u0439\u043c\u0438\u043d\u0433\u0430<\/span>\n\t\t\t\t\t\t\t<\/h4>\n\t\t\t\t\t<\/div>\n<\/div><div class=\"vc_empty_space\"   style=\"height: 32px\"><span class=\"vc_empty_space_inner\"><\/span><\/div>\n<div class=\"eltdf-iwt clearfix  eltdf-iwt-icon-left eltdf-circle eltdf-iwt-icon-small\">\n\t<div class=\"eltdf-iwt-icon\">\n\t\t\t\t\t\t\t\t\t    <span class=\"eltdf-icon-shortcode eltdf-circle   eltdf-icon-small\" style=\"background-color: #979797\" >\n                    <span aria-hidden=\"true\" class=\"eltdf-icon-linear-icons lnr lnr-magic-wand eltdf-icon-element\" style=\"\" ><\/span>            <\/span>\n\t\t\t\t\t\t<\/div>\n\t<div class=\"eltdf-iwt-content\" >\n\t\t\t\t\t<h4 class=\"eltdf-iwt-title\" >\n\t\t\t\t\t\t\t\t<span class=\"eltdf-iwt-title-text\">\u0420\u0435\u0448\u0430\u0435\u0442 \u043b\u044e\u0431\u044b\u0435 \u043f\u0440\u043e\u0431\u043b\u0435\u043c\u044b \u043d\u0430 \u043c\u0435\u0441\u0442\u0435<\/span>\n\t\t\t\t\t\t\t<\/h4>\n\t\t\t\t\t\t\t<p class=\"eltdf-iwt-text\" >\u0412 \u0441\u043b\u0443\u0447\u0430\u0435 \u043e\u0442\u043a\u043b\u044e\u0447\u0435\u043d\u0438\u044f \u044d\u043b\u0435\u043a\u0442\u0440\u0438\u0447\u0435\u0441\u0442\u0432\u0430 \u0434\u043e\u0441\u0442\u0430\u043d\u0435\u0442 \u0438\u0437 \u043c\u0430\u0448\u0438\u043d\u044b \u0437\u0430\u043f\u0430\u0441\u043d\u0443\u044e \u043a\u043e\u043b\u043e\u043d\u043a\u0443 \u0438 \u0441\u043f\u0430\u0441\u0451\u0442 \u043d\u0430\u0441\u0442\u0440\u043e\u0435\u043d\u0438\u0435 \u0433\u043e\u0441\u0442\u0435\u0439.<\/p>\n\t\t\t<\/div>\n<\/div><\/div><\/div><\/div><\/div><\/div><\/div><div class=\"vc_row wpb_row vc_row-fluid\" ><div class=\"wpb_column vc_column_container vc_col-sm-12\"><div class=\"vc_column-inner\"><div class=\"wpb_wrapper\"><div class=\"vc_empty_space\"   style=\"height: 32px\"><span class=\"vc_empty_space_inner\"><\/span><\/div><div class=\"vc_separator wpb_content_element vc_separator_align_center vc_sep_width_100 vc_sep_pos_align_center vc_separator_no_text vc_sep_color_grey\" ><span class=\"vc_sep_holder vc_sep_holder_l\"><span  class=\"vc_sep_line\"><\/span><\/span><span class=\"vc_sep_holder vc_sep_holder_r\"><span  class=\"vc_sep_line\"><\/span><\/span>\n<\/div><\/div><\/div><\/div><\/div><div class=\"vc_row wpb_row vc_row-fluid vc_custom_1737293116605\" style=\"background-color:#fbb8ac\"><div class=\"wpb_column vc_column_container vc_col-sm-12\"><div class=\"vc_column-inner\"><div class=\"wpb_wrapper\">\n\t<div class=\"wpb_text_column wpb_content_element\" >\n\t\t<div class=\"wpb_wrapper\">\n\t\t\t<h2 style=\"text-align: center;\">\u0414\u0430\u0432\u0430\u0439\u0442\u0435 \u0443\u0437\u043d\u0430\u0435\u043c \u0434\u0440\u0443\u0433 \u0434\u0440\u0443\u0433\u0430<\/h2>\n<h3 style=\"text-align: center;\"><a class=\"link-on-pink\" href=\"mailto:info@irinafot.com\">info@irinafot.com<\/a><br \/>\n<a class=\"link-on-pink\" href=\"tel:+49-176-981-68-775\">+49-176-981-68-775<\/a><\/h3>\n\n\t\t<\/div>\n\t<\/div>\n<\/div><\/div><\/div><\/div>","protected":false},"excerpt":{"rendered":"Der Koordinator der Veranstaltung ist ein zuverl\u00e4ssiger R\u00fcckhalt f\u00fcr jeden Kunden. All die schattenhaften (Backstage-) Momente Ihrer Veranstaltung werden auf meine Schultern fallen, Sie werden sich entspannen und an nichts denken m\u00fcssen. Ihre G\u00e4ste werden nicht einmal auf die Idee kommen, Sie [...]","protected":false},"author":1,"featured_media":0,"parent":0,"menu_order":0,"comment_status":"closed","ping_status":"closed","template":"full-width.php","meta":{"footnotes":""},"class_list":["post-5558","page","type-page","status-publish","hentry"],"_links":{"self":[{"href":"https:\/\/www.irinafot.com\/ru\/wp-json\/wp\/v2\/pages\/5558","targetHints":{"allow":["GET"]}}],"collection":[{"href":"https:\/\/www.irinafot.com\/ru\/wp-json\/wp\/v2\/pages"}],"about":[{"href":"https:\/\/www.irinafot.com\/ru\/wp-json\/wp\/v2\/types\/page"}],"author":[{"embeddable":true,"href":"https:\/\/www.irinafot.com\/ru\/wp-json\/wp\/v2\/users\/1"}],"replies":[{"embeddable":true,"href":"https:\/\/www.irinafot.com\/ru\/wp-json\/wp\/v2\/comments?post=5558"}],"version-history":[{"count":5,"href":"https:\/\/www.irinafot.com\/ru\/wp-json\/wp\/v2\/pages\/5558\/revisions"}],"predecessor-version":[{"id":6770,"href":"https:\/\/www.irinafot.com\/ru\/wp-json\/wp\/v2\/pages\/5558\/revisions\/6770"}],"wp:attachment":[{"href":"https:\/\/www.irinafot.com\/ru\/wp-json\/wp\/v2\/media?parent=5558"}],"curies":[{"name":"wp","href":"https:\/\/api.w.org\/{rel}","templated":true}]}}