{"id":1886,"date":"2018-05-09T07:08:29","date_gmt":"2018-05-09T07:08:29","guid":{"rendered":"http:\/\/gretnagreen.elated-themes.com\/?page_id=1886"},"modified":"2024-05-22T19:18:31","modified_gmt":"2024-05-22T17:18:31","slug":"leistungen","status":"publish","type":"page","link":"https:\/\/www.irinafot.com\/ru\/leistungen\/","title":{"rendered":"\u0423\u0441\u043b\u0443\u0433\u0438"},"content":{"rendered":"<div class=\"vc_row wpb_row vc_row-fluid\" ><div class=\"wpb_column vc_column_container vc_col-sm-12\"><div class=\"vc_column-inner\"><div class=\"wpb_wrapper\"><div class=\"vc_empty_space\"   style=\"height: 32px\"><span class=\"vc_empty_space_inner\"><\/span><\/div><\/div><\/div><\/div><\/div><div class=\"vc_row wpb_row vc_row-fluid vc_custom_1716398134054 eltdf-content-aligment-center\" ><div class=\"wpb_column vc_column_container vc_col-sm-12\"><div class=\"vc_column-inner\"><div class=\"wpb_wrapper\"><div class=\"eltdf-section-title-holder  eltdf-st-standard\" >\n\t<div class=\"eltdf-st-inner\">\n\t\t\t\t\t<h4 class=\"eltdf-st-title\" >\n\t\t\t\t\u0421\u0432\u0430\u0434\u0435\u0431\u043d\u044b\u0439 \u0432\u0435\u0434\u0443\u0449\u0438\u0439\t\t\t<\/h4>\n\t\t        \t\t\t\t\t<p class=\"eltdf-st-text\" >\n\t\t\t\t\u0412\u0441\u0435\u0433\u0434\u0430 \u0431\u0435\u0437\u0443\u043f\u0440\u0435\u0447\u043d\u043e, \u0441 \u0448\u0430\u0440\u043c\u043e\u043c \u0438 \u0432\u043d\u0438\u043c\u0430\u043d\u0438\u0435\u043c \u043a \u043a\u0430\u0436\u0434\u043e\u043c\u0443 \u0443\u0447\u0430\u0441\u0442\u043d\u0438\u043a\u0443 \u0442\u043e\u0440\u0436\u0435\u0441\u0442\u0432\u0430.\t\t\t<\/p>\n\t\t\t<\/div>\n<\/div><div class=\"vc_empty_space\"   style=\"height: 16px\"><span class=\"vc_empty_space_inner\"><\/span><\/div><a itemprop=\"url\" href=\"\/ru\/hochzeitsmoderation\/\" target=\"_self\"  class=\"eltdf-btn eltdf-btn-small eltdf-btn-solid\"  >\n    <span class=\"eltdf-btn-text\">\u0427\u0438\u0442\u0430\u0442\u044c \u0434\u0430\u043b\u0435\u0435<\/span>\n    <\/a><div class=\"vc_empty_space\"   style=\"height: 16px\"><span class=\"vc_empty_space_inner\"><\/span><\/div><div class=\"vc_separator wpb_content_element vc_separator_align_center vc_sep_width_100 vc_sep_pos_align_center vc_separator_no_text vc_sep_color_grey\" ><span class=\"vc_sep_holder vc_sep_holder_l\"><span  class=\"vc_sep_line\"><\/span><\/span><span class=\"vc_sep_holder vc_sep_holder_r\"><span  class=\"vc_sep_line\"><\/span><\/span>\n<\/div><div class=\"vc_empty_space\"   style=\"height: 16px\"><span class=\"vc_empty_space_inner\"><\/span><\/div><div class=\"eltdf-section-title-holder  eltdf-st-standard\" >\n\t<div class=\"eltdf-st-inner\">\n\t\t\t\t\t<h4 class=\"eltdf-st-title\" >\n\t\t\t\t\u0421\u0435\u043c\u0435\u0439\u043d\u044b\u0435 \u0438 \u043a\u043e\u0440\u043f\u043e\u0440\u0430\u0442\u0438\u0432\u043d\u044b\u0435 \u043f\u0440\u0430\u0437\u0434\u043d\u0438\u043a\u0438\t\t\t<\/h4>\n\t\t        \t\t\t\t\t<p class=\"eltdf-st-text\" >\n\t\t\t\t\u042e\u0431\u0438\u043b\u0435\u0438, \u043a\u0440\u0435\u0441\u0442\u0438\u043d\u044b, \u0441\u043e\u0432\u0435\u0440\u0448\u0435\u043d\u043d\u043e\u043b\u0435\u0442\u0438\u0435, \u0432\u0435\u0447\u0435\u0440\u0438\u043d\u043a\u0438 \u043f\u043e \u043b\u044e\u0431\u043e\u043c\u0443 \u043f\u043e\u0432\u043e\u0434\u0443 - \u0434\u0430\u0432\u0430\u0439\u0442\u0435 \u043e\u0442\u043f\u0440\u0430\u0437\u0434\u043d\u0443\u0435\u043c \u0432\u043c\u0435\u0441\u0442\u0435.\t\t\t<\/p>\n\t\t\t<\/div>\n<\/div><div class=\"vc_empty_space\"   style=\"height: 16px\"><span class=\"vc_empty_space_inner\"><\/span><\/div><a itemprop=\"url\" href=\"\/ru\/familienfeiern-und-geschaeftsfeiern\/\" target=\"_self\"  class=\"eltdf-btn eltdf-btn-small eltdf-btn-solid\"  >\n    <span class=\"eltdf-btn-text\">\u0427\u0438\u0442\u0430\u0442\u044c \u0434\u0430\u043b\u0435\u0435<\/span>\n    <\/a><div class=\"vc_empty_space\"   style=\"height: 16px\"><span class=\"vc_empty_space_inner\"><\/span><\/div><div class=\"vc_separator wpb_content_element vc_separator_align_center vc_sep_width_100 vc_sep_pos_align_center vc_separator_no_text vc_sep_color_grey\" ><span class=\"vc_sep_holder vc_sep_holder_l\"><span  class=\"vc_sep_line\"><\/span><\/span><span class=\"vc_sep_holder vc_sep_holder_r\"><span  class=\"vc_sep_line\"><\/span><\/span>\n<\/div><div class=\"vc_empty_space\"   style=\"height: 16px\"><span class=\"vc_empty_space_inner\"><\/span><\/div><div class=\"eltdf-section-title-holder  eltdf-st-standard\" >\n\t<div class=\"eltdf-st-inner\">\n\t\t\t\t\t<h4 class=\"eltdf-st-title\" >\n\t\t\t\t\u0421\u0432\u0430\u0434\u0435\u0431\u043d\u044b\u0435 \u0446\u0435\u0440\u0435\u043c\u043e\u043d\u0438\u0438\t\t\t<\/h4>\n\t\t        \t\t\t\t\t<p class=\"eltdf-st-text\" >\n\t\t\t\t\u041c\u0430\u0441\u0442\u0435\u0440\u0441\u043a\u0438 \u0443\u043a\u0443\u0442\u0430\u044e \u0432\u0430\u0448\u0438 \u0441\u0430\u043c\u044b\u0435 \u0442\u0451\u043f\u043b\u044b\u0435 \u044d\u043c\u043e\u0446\u0438\u0438 \u0432 \u0432\u0435\u043b\u0438\u043a\u043e\u043b\u0435\u043f\u043d\u044b\u0435 \u0441\u043b\u043e\u0432\u0430 \u0432\u0430\u0448\u0435\u0439 \u0446\u0435\u0440\u0435\u043c\u043e\u043d\u0438\u0438, \u0447\u0442\u043e\u0431\u044b \u043f\u043e\u043f\u0430\u0441\u0442\u044c \u0432 \u0441\u0435\u0440\u0434\u0446\u0435 \u043a\u0430\u0436\u0434\u043e\u0433\u043e \u0433\u043e\u0441\u0442\u044f.\t\t\t<\/p>\n\t\t\t<\/div>\n<\/div><div class=\"vc_empty_space\"   style=\"height: 16px\"><span class=\"vc_empty_space_inner\"><\/span><\/div><a itemprop=\"url\" href=\"\/ru\/freie-trauung\/\" target=\"_self\"  class=\"eltdf-btn eltdf-btn-small eltdf-btn-solid\"  >\n    <span class=\"eltdf-btn-text\">\u0427\u0438\u0442\u0430\u0442\u044c \u0434\u0430\u043b\u0435\u0435<\/span>\n    <\/a><div class=\"vc_empty_space\"   style=\"height: 16px\"><span class=\"vc_empty_space_inner\"><\/span><\/div><div class=\"vc_separator wpb_content_element vc_separator_align_center vc_sep_width_100 vc_sep_pos_align_center vc_separator_no_text vc_sep_color_grey\" ><span class=\"vc_sep_holder vc_sep_holder_l\"><span  class=\"vc_sep_line\"><\/span><\/span><span class=\"vc_sep_holder vc_sep_holder_r\"><span  class=\"vc_sep_line\"><\/span><\/span>\n<\/div><div class=\"vc_empty_space\"   style=\"height: 16px\"><span class=\"vc_empty_space_inner\"><\/span><\/div><div class=\"eltdf-section-title-holder  eltdf-st-standard\" >\n\t<div class=\"eltdf-st-inner\">\n\t\t\t\t\t<h4 class=\"eltdf-st-title\" >\n\t\t\t\t\u041a\u043e\u043e\u0440\u0434\u0438\u043d\u0430\u0446\u0438\u044f<\/br> \u043c\u0435\u0440\u043e\u043f\u0440\u0438\u044f\u0442\u0438\u0439\t\t\t<\/h4>\n\t\t        \t\t\t\t\t<p class=\"eltdf-st-text\" >\n\t\t\t\t\u041f\u043e\u0432\u044b\u0448\u0435\u043d\u043d\u044b\u0439 \u043a\u043e\u043c\u0444\u043e\u0440\u0442 \u0433\u043e\u0441\u0442\u0435\u0439 \u0438 \u0433\u043b\u0430\u0432\u043d\u044b\u0445 \u0433\u0435\u0440\u043e\u0435\u0432 \u0442\u043e\u0440\u0436\u0435\u0441\u0442\u0432\u0430, \u0430 \u0442\u0430\u043a\u0436\u0435 \u0441\u043b\u0430\u0436\u0435\u043d\u043d\u0430\u044f \u0440\u0430\u0431\u043e\u0442\u0430 \u0432\u0441\u0435\u0439 \u043a\u043e\u043c\u0430\u043d\u0434\u044b \u043f\u043e\u0434\u0440\u044f\u0434\u0447\u0438\u043a\u043e\u0432.\t\t\t<\/p>\n\t\t\t<\/div>\n<\/div><div class=\"vc_empty_space\"   style=\"height: 16px\"><span class=\"vc_empty_space_inner\"><\/span><\/div><a itemprop=\"url\" href=\"\/ru\/eventkoordination\/\" target=\"_self\"  class=\"eltdf-btn eltdf-btn-small eltdf-btn-solid\"  >\n    <span class=\"eltdf-btn-text\">\u0427\u0438\u0442\u0430\u0442\u044c \u0434\u0430\u043b\u0435\u0435<\/span>\n    <\/a><div class=\"vc_empty_space\"   style=\"height: 16px\"><span class=\"vc_empty_space_inner\"><\/span><\/div><div class=\"vc_separator wpb_content_element vc_separator_align_center vc_sep_width_100 vc_sep_pos_align_center vc_separator_no_text vc_sep_color_grey\" ><span class=\"vc_sep_holder vc_sep_holder_l\"><span  class=\"vc_sep_line\"><\/span><\/span><span class=\"vc_sep_holder vc_sep_holder_r\"><span  class=\"vc_sep_line\"><\/span><\/span>\n<\/div><div class=\"vc_empty_space\"   style=\"height: 16px\"><span class=\"vc_empty_space_inner\"><\/span><\/div><div class=\"eltdf-section-title-holder  eltdf-st-standard\" >\n\t<div class=\"eltdf-st-inner\">\n\t\t\t\t\t<h4 class=\"eltdf-st-title\" >\n\t\t\t\t\u041e\u0440\u0433\u0430\u043d\u0438\u0437\u0430\u0446\u0438\u044f \u0441\u0432\u0430\u0434\u044c\u0431\u044b\t\t\t<\/h4>\n\t\t        \t\t\t\t\t<p class=\"eltdf-st-text\" >\n\t\t\t\t\u041e\u0442 \u043f\u0435\u0440\u0432\u043e\u0433\u043e \u0437\u0432\u043e\u043d\u043a\u0430 \u0434\u043e \u0432\u043e\u043f\u043b\u043e\u0449\u0451\u043d\u043d\u044b\u0445 \u0444\u0430\u043d\u0442\u0430\u0437\u0438\u0439 \u0438 \u0436\u0435\u043b\u0430\u043d\u0438\u0439 \u043a\u043b\u0438\u0435\u043d\u0442\u0430\t\t\t<\/p>\n\t\t\t<\/div>\n<\/div><div class=\"vc_empty_space\"   style=\"height: 16px\"><span class=\"vc_empty_space_inner\"><\/span><\/div><a itemprop=\"url\" href=\"\/ru\/hochzeitsplanung\/\" target=\"_self\"  class=\"eltdf-btn eltdf-btn-small eltdf-btn-solid\"  >\n    <span class=\"eltdf-btn-text\">\u0427\u0438\u0442\u0430\u0442\u044c \u0434\u0430\u043b\u0435\u0435<\/span>\n    <\/a><\/div><\/div><\/div><\/div><div class=\"vc_row wpb_row vc_row-fluid\" ><div class=\"wpb_column vc_column_container vc_col-sm-12\"><div class=\"vc_column-inner\"><div class=\"wpb_wrapper\"><div class=\"vc_empty_space\"   style=\"height: 32px\"><span class=\"vc_empty_space_inner\"><\/span><\/div><\/div><\/div><\/div><\/div>","protected":false},"excerpt":{"rendered":"Hochzeitsmoderation Immer tadellos, mit Charme und Aufmerksamkeit f\u00fcr jeden einzelnen Teilnehmer der Feier. Weiterlesen Familienfeiern &amp; Gesch\u00e4ftsfeiern Jubil\u00e4en, Taufen, 18er-Parties und Feiern zu jedem Anlass - lassen Sie uns gemeinsam feiern. Weiterlesen Freie Trauung Gekonnt h\u00fclle ich Ihre w\u00e4rmsten Gef\u00fchle in pr\u00e4chtige [...]","protected":false},"author":1,"featured_media":0,"parent":0,"menu_order":0,"comment_status":"closed","ping_status":"closed","template":"full-width.php","meta":{"footnotes":""},"class_list":["post-1886","page","type-page","status-publish","hentry"],"_links":{"self":[{"href":"https:\/\/www.irinafot.com\/ru\/wp-json\/wp\/v2\/pages\/1886","targetHints":{"allow":["GET"]}}],"collection":[{"href":"https:\/\/www.irinafot.com\/ru\/wp-json\/wp\/v2\/pages"}],"about":[{"href":"https:\/\/www.irinafot.com\/ru\/wp-json\/wp\/v2\/types\/page"}],"author":[{"embeddable":true,"href":"https:\/\/www.irinafot.com\/ru\/wp-json\/wp\/v2\/users\/1"}],"replies":[{"embeddable":true,"href":"https:\/\/www.irinafot.com\/ru\/wp-json\/wp\/v2\/comments?post=1886"}],"version-history":[{"count":0,"href":"https:\/\/www.irinafot.com\/ru\/wp-json\/wp\/v2\/pages\/1886\/revisions"}],"wp:attachment":[{"href":"https:\/\/www.irinafot.com\/ru\/wp-json\/wp\/v2\/media?parent=1886"}],"curies":[{"name":"wp","href":"https:\/\/api.w.org\/{rel}","templated":true}]}}